{"id":1368,"date":"2022-03-29T15:14:55","date_gmt":"2022-03-29T18:14:55","guid":{"rendered":"https:\/\/ciperj.org\/jornada\/?page_id=1368"},"modified":"2026-04-20T16:20:37","modified_gmt":"2026-04-20T19:20:37","slug":"programacao","status":"publish","type":"page","link":"https:\/\/ciperj.org\/jornada\/programacao\/","title":{"rendered":"Programa\u00e7\u00e3o"},"content":{"rendered":"<h3>13 de maio de 2026 (quarta-feira)<\/h3>\n<p><span style=\"color: #339966;\"><strong>8h<\/strong><\/span> Credenciamento<\/p>\n<p><span style=\"color: #339966;\"><strong>8h30<\/strong> <\/span>Abertura<br \/>\n<strong><span style=\"color: #000080;\">Danielle Nunes Forny <\/span><\/strong>presidente da CIPERJ<\/p>\n<p><span style=\"color: #339966;\"><strong>8h45<\/strong><\/span> Miniconfer\u00eancia: Tumores de mediastino<br \/>\n<strong><span style=\"color: #000080;\">Arovel Moura Junior <\/span><\/strong>(RJ)<\/p>\n<p>Moderadora: <strong>Roberta Nolasco Rocha de Oliveira<\/strong> (RJ)<br \/>\nDebatedores: <strong>Jefferson Tobias Oliveira<\/strong> (RJ) e <strong>Vanessa do Nascimento Santos<\/strong> (RJ)<\/p>\n<p><span style=\"color: #339966;\"><strong>9h15<\/strong> <\/span>Mesa-redonda: Traqueostomia pedi\u00e1trica<br \/>\nModeradora: <strong>Danielle Nunes Forny<\/strong>\u00a0(RJ)<br \/>\nDebatedoras: <strong>\u00c1lia Charif Penchel <\/strong>(RJ) <strong>Maria Lucia Augusto <\/strong>(RJ)<\/p>\n<ul>\n<li><span style=\"color: #339966;\"><strong>9h15<\/strong> <\/span>Traqueostomia pedi\u00e1trica: quando, como e onde<br \/>\n<span style=\"color: #000080;\"><strong>Luziane Lais Sabino Silva Luna<\/strong> <\/span>(PE)<\/li>\n<li><span style=\"color: #339966;\"><strong>9h30<\/strong><\/span> C\u00e2nulas, insumos e tratamento de crian\u00e7as usu\u00e1rias de traqueostomia<br \/>\n<strong><span style=\"color: #000080;\">Mariana Pires de Mello Valente<\/span><\/strong> (RJ)<\/li>\n<li><span style=\"color: #339966;\"><strong>9h45<\/strong><\/span> Complica\u00e7\u00f5es de traqueostomias em crian\u00e7as<br \/>\n<strong><span style=\"color: #000080;\">Larissa Salom\u00e3o Pereira<\/span><\/strong> (RJ)<\/li>\n<li><span style=\"color: #339966;\"><strong>10h<\/strong>\u00a0<\/span>O papel da fonoaudiologia no tratamento de crian\u00e7as traqueostomizadas: falar, comer e conviver<br \/>\n<strong><span style=\"color: #000080;\">Yasmim D\u2019Aguila Bittencourt<\/span><\/strong> (RJ)<\/li>\n<li><span style=\"color: #339966;\"><strong>10h15<\/strong> <\/span>Discuss\u00e3o<\/li>\n<\/ul>\n<p><span style=\"color: #ff6600;\"><strong>10h30<\/strong> Coffee-break<\/span><\/p>\n<p><span style=\"color: #339966;\"><strong>10h45<\/strong><\/span> Simp\u00f3sio sat\u00e9lite <span style=\"color: #000080;\"><strong>Medicallog<\/strong><\/span> &#8211; Acessos enterais no paciente pedi\u00e1trico<br \/>\n<span style=\"color: #000080;\"><strong>Paula Peruzzi Elia<\/strong> <\/span>(RJ)<\/p>\n<p><span style=\"color: #339966;\"><strong>11h15<\/strong>\u00a0<\/span>Mesa-redonda: Atresia de es\u00f4fago<br \/>\nModerador: <strong>Francisco Nicanor Macedo<\/strong>\u00a0(RJ)<br \/>\nDebatedora: <strong>Juliana Werneck<\/strong><strong>\u00a0<\/strong>(RJ)<\/p>\n<ul>\n<li><span style=\"color: #339966;\"><strong>11h15<\/strong> <\/span>Como se anestesia um beb\u00ea com atresia de es\u00f4fago?<br \/>\n<span style=\"color: #000080;\"><strong>Denis Jablonka<\/strong> <\/span>(EUA)<\/li>\n<li><span style=\"color: #339966;\"><strong>11h30<\/strong><\/span> Atresia do tipo long-gap: como tratar?<br \/>\n<span style=\"color: #000080;\"><strong>Rachel Fernandes<\/strong><\/span> (RJ)<\/li>\n<li><span style=\"color: #339966;\"><strong>11h45<\/strong> <\/span>F\u00edstulas ap\u00f3s tratamento cir\u00fargico das atresias do es\u00f4fago: tratamento endosc\u00f3pico<br \/>\n<span style=\"color: #000080;\"><strong>Paula Peruzzi Elia<\/strong> <\/span>(RJ)<\/li>\n<li><span style=\"color: #339966;\"><strong>12h<\/strong><\/span> Discuss\u00e3o<\/li>\n<\/ul>\n<p><span style=\"color: #339966;\"><strong>12h30<\/strong><\/span> Miniconfer\u00eancia: An\u00e9is vasculares: do especialista at\u00e9 o cirurgi\u00e3o pedi\u00e1trico<br \/>\n<span style=\"color: #000080;\"><strong>Denoel Marcelino de Oliveira<\/strong><\/span> (RJ)<\/p>\n<p>Moderadora: <strong>\u00c1urea Grippa <\/strong>(RJ)<br \/>\nDebatedora: <strong>Ana Fl\u00e1via Malheiros<\/strong>\u00a0(RJ)<\/p>\n<p><span style=\"color: #ff6600;\"><strong>13h <\/strong>Intervalo para o almo\u00e7o<\/span><\/p>\n<p><span style=\"color: #339966;\"><strong>14h<\/strong> <\/span>Miniconfer\u00eancia: Fibrinol\u00edticos no tratamento do empiema pleural pedi\u00e1trico. Quando, como e limites<br \/>\n<span style=\"color: #000080;\"><strong>Felippe Flausino<\/strong><\/span> (SC)<\/p>\n<p>Moderador: <strong>Andr\u00e9 Lima da Cunha<\/strong>\u00a0(RJ)<br \/>\nDebatedoras: <strong>Rafaela Baroni Aur\u00edlio<\/strong> (RJ) e <strong>Claudia Tavares Regadas<\/strong> (RJ)<\/p>\n<p><strong><span style=\"color: #339966;\">14h30<\/span><\/strong> Apresenta\u00e7\u00f5es de casos cl\u00ednicos dos servi\u00e7os de Cirurgia Pedi\u00e1trica do Rio de Janeiro<br \/>\n<strong><span style=\"color: #000080;\">Hospital Universit\u00e1rio dos Servidores do Estado (HUSE)<\/span><\/strong> e <span style=\"color: #000080;\"><strong>Hospital Universit\u00e1rio Pedro Ernesto (HUPE\/UERJ)<\/strong><\/span><\/p>\n<p>Moderadora: <strong>Gladys Mariani Caussin<\/strong> (RJ)<br \/>\nDebatedoras: <strong>Ana Teresa Oliveira<\/strong> (RJ) e <strong>Anita Marsillac<\/strong> (RJ)<\/p>\n<p><span style=\"color: #339966;\"><strong>15h<\/strong> <\/span>Mesa-redonda: Neonatos de risco, como lidar<br \/>\nModerador: <strong>Irnak Marcelo Barbosa <\/strong> (RJ)<br \/>\nDebatedor: <strong>Marcos Ant\u00f4nio Turcatel<\/strong> (RJ)<\/p>\n<ul>\n<li><span style=\"color: #339966;\"><strong>15h<\/strong><\/span> Anomalias broncopulmonares: diagn\u00f3stico e dados de imagem<br \/>\n<span style=\"color: #000080;\"><strong>Pedro Daltro<\/strong><\/span> (RJ)<\/li>\n<li><span style=\"color: #339966;\"><strong>15h30<\/strong> <\/span>A crian\u00e7a com diagn\u00f3stico fetal de anomalia broncopulmonar: O que esperar, o que planejar para o nascimento, quando intervir?<br \/>\n<strong><span style=\"color: #000080;\">Pablo Laje<\/span><\/strong> (EUA)<\/li>\n<li><span style=\"color: #339966;\"><strong>16h<\/strong> <\/span>Discuss\u00e3o<\/li>\n<\/ul>\n<p><span style=\"color: #339966;\"><strong>16h30<\/strong> <\/span>Sess\u00e3o miniclips: broncoscopia. O que v\u00ea e o que faz<br \/>\n<strong><span style=\"color: #000080;\">Paulo Pires<\/span><\/strong> (RJ)<br \/>\nDebatedoras: <strong>Adriana Alvarez Arantes<\/strong> (RJ) e<strong> Ana Cristina Barbosa Domingues<\/strong> (RJ)<\/p>\n<p><span style=\"color: #339966;\"><strong>17h<\/strong><\/span> Miniconfer\u00eancia: Anestesia na crian\u00e7a com comprometimento de via a\u00e9rea e pulm\u00e3o: o que h\u00e1 de especial\u00a0 em crian\u00e7as \u201ctor\u00e1cicas\u201d? Como cuidar da analgesia?<br \/>\n<span style=\"color: #000080;\"><strong>Denis Jablonka<\/strong><\/span> (EUA)<br \/>\nModeradora: <strong>Ana Carolina Lopes Pinheiro<\/strong>\u00a0(RJ)<br \/>\nDebatedores: <strong>Cristiane de Andrade Ferreira<\/strong> (RJ) e\u00a0<strong>Gilberto do Amaral Teixeira<\/strong> (RJ)<\/p>\n<p><span style=\"color: #339966;\"><strong>17h30<\/strong><\/span> Cerim\u00f4nia de abertura<\/p>\n<h3>14 de maio de 2026 (quinta-feira)<\/h3>\n<p><span style=\"color: #339966;\"><strong>8h30<\/strong> <\/span>Mesa-redonda: Anomalias de vias a\u00e9reas<br \/>\nModerador: <strong>Marco Daiha <\/strong>\u00a0(RJ)<br \/>\nDebatedoras: <strong>Adriana Mesquita<\/strong> (RJ) e <strong>Marcelo Calcagno<\/strong>\u00a0(RJ)<\/p>\n<ul>\n<li><strong><span style=\"color: #339966;\">8h30<\/span><\/strong> Traqueomal\u00e1cia: diagn\u00f3stico e aspectos cl\u00ednicos<br \/>\n<span style=\"color: #000080;\"><strong>Selma Maria de Azevedo Sias<\/strong><\/span> (RJ)<\/li>\n<li><span style=\"color: #339966;\"><strong>8h50<\/strong> <\/span>Traqueomal\u00e1cia: quando \u00e9 cir\u00fargico? Qual t\u00e9cnica \u00e9 melhor?<br \/>\n<span style=\"color: #000080;\"><strong>Patricio Varela<\/strong><\/span> (CHI)<\/li>\n<li><strong><span style=\"color: #339966;\">9h10<\/span><\/strong> H\u00e9rnia diafragm\u00e1tica cong\u00eanita: tratamento fetal<br \/>\n<span style=\"color: #000080;\"><strong>Andr\u00e9 Bradley<\/strong><\/span> (PR)<\/li>\n<li><span style=\"color: #339966;\"><strong>9h30<\/strong><\/span> Discuss\u00e3o<\/li>\n<\/ul>\n<p><span style=\"color: #339966;\"><strong>9h50 <\/strong><\/span>Simp\u00f3sio sat\u00e9lite: <span style=\"color: #000080;\"><strong>Taques e Paiva Advocacia<\/strong><\/span> &#8211; Aposentadoria do Cirurgi\u00e3o Pedi\u00e1trico: Como Planejar, Conquistar e Revisar at\u00e9 3 Aposentadorias<br \/>\n<span style=\"color: #000080;\"><strong>Tha\u00edssa Taques<\/strong><\/span><\/p>\n<p><span style=\"color: #ff6600;\"><strong>10h20<\/strong> Coffee-break<\/span><\/p>\n<p><strong><span style=\"color: #339966;\">10h40<\/span> <\/strong>Miniconfer\u00eancia: Estenoses de traqueia<br \/>\n<span style=\"color: #000080;\"><strong>Patricio Varela<\/strong><\/span> (CHI)<br \/>\nModerador: <strong>Paulo Tavares<\/strong> (RJ)<br \/>\nDebatedores: <strong>Gilson Sawaya<\/strong><strong>\u00a0<\/strong>(SP) e <strong>Omar Mourad <\/strong>(RJ)<\/p>\n<p><span style=\"color: #339966;\"><strong>11h<\/strong> <\/span>Mesa-redonda: Broncoaspira\u00e7\u00e3o em doentes pedi\u00e1tricos<br \/>\nModeradora: <strong>Deborah Nunes Chagas <\/strong>(RJ)<br \/>\nDebatedora: <strong>Daniela Rabelo<\/strong>\u00a0(RJ)<\/p>\n<ul>\n<li><span style=\"color: #339966;\"><strong>11h<\/strong><\/span> A vis\u00e3o do cl\u00ednico<br \/>\n<strong><span style=\"color: #000080;\">Claudio Amorim<\/span><\/strong> (PR)<\/li>\n<li><strong><span style=\"color: #339966;\">11h15<\/span> <\/strong>A vis\u00e3o da fonoaudiologia<br \/>\n<strong><span style=\"color: #000080;\">Maria Carolina Muzzio Salazar<\/span> <\/strong>(RJ)<\/li>\n<li><strong><span style=\"color: #339966;\">11h30<\/span><\/strong> Tratamentos n\u00e3o radicais: botox, abla\u00e7\u00e3o de gl\u00e2ndulas salivares, traqueostomia<br \/>\n<strong><span style=\"color: #000080;\">Paulo Pires<\/span><\/strong> (RJ)<\/li>\n<li><strong><span style=\"color: #339966;\">11h45<\/span> <\/strong>Separa\u00e7\u00e3o laringotraqueal: Quando? Como?<br \/>\n<strong><span style=\"color: #000080;\">Luzia El Hadj<\/span> <\/strong>(RJ)<\/li>\n<li><strong><span style=\"color: #339966;\">12h<\/span> <\/strong>Discuss\u00e3o<\/li>\n<\/ul>\n<p><span style=\"color: #339966;\"><strong>12h20<\/strong><\/span> Mini-confer\u00eancia: F\u00edstulas traqueo-esof\u00e1gicas em H, cong\u00eanitas e adquiridas<br \/>\n<span style=\"color: #000080;\"><strong>Patricio Varela<\/strong><\/span> (CHI)<br \/>\nModerador: <strong>Gilson Sawaya<\/strong><strong>\u00a0<\/strong>(SP)<br \/>\nDebatedora: <strong>Andrea Agostinho Baptista <\/strong>(RJ) e <strong>Mariana Troccoli Rezende<\/strong>\u00a0(RJ)<\/p>\n<p><span style=\"color: #ff6600;\"><strong>12h50<\/strong> Intervalo para o almo\u00e7o<\/span><\/p>\n<p><span style=\"color: #339966;\"><strong>14h<\/strong> <\/span>Miniconfer\u00eancia: Pulm\u00e3o de prematuro pode ser cir\u00fargico?<br \/>\n<strong><span style=\"color: #000080;\">Pablo Laje<\/span><\/strong> (EUA)<br \/>\nModerador: <strong>Bruno Cesar Hon\u00f3rio de Albuquerque<\/strong> (RJ)<br \/>\nDebatedor: <strong>Arnaldo Bueno<\/strong> (RJ) e <strong>Terezinha Martire<\/strong> (RJ)<\/p>\n<p><strong><span style=\"color: #339966;\">14h40<\/span> <\/strong>Mesa-redonda: Refluxo gastroesof\u00e1gico em pediatria<br \/>\nModerador: <strong>Edmo Dutra Franco<\/strong><strong>\u00a0<\/strong>(RJ)<br \/>\nDebatedoras: <strong>Andreia Pe\u00e7anha Bento Bacon<\/strong> (RJ) e <strong>Cristiane Tsuge<\/strong>\u00a0(RJ)<\/p>\n<ul>\n<li><span style=\"color: #339966;\"><strong>14h40<\/strong><\/span> Quando \u00e9 o caso de tratar com cirurgia?<br \/>\n<strong><span style=\"color: #000080;\">Monica Toulois<\/span> <\/strong>(RJ)<\/li>\n<li><span style=\"color: #339966;\"><strong>14h55<\/strong><\/span> E quando n\u00e3o \u00e9 refluxo? Acalasia, restos traqueobr\u00f4nquicos, dismotilidade, obstru\u00e7\u00e3o do trato digestivo distal: diagn\u00f3stico \u00e9 fundamental<br \/>\n<span style=\"color: #000080;\"><strong>Eduardo Botelho<\/strong><\/span> (RJ)<\/li>\n<li><strong><span style=\"color: #339966;\">15h10<\/span><\/strong> Discuss\u00e3o<\/li>\n<\/ul>\n<p><strong><span style=\"color: #339966;\">15h30 <\/span><\/strong>Apresenta\u00e7\u00f5es de casos cl\u00ednicos dos servi\u00e7os de Cirurgia Pedi\u00e1trica do Rio de Janeiro<br \/>\n<span style=\"color: #000080;\"><strong>Hospital Municipalizado Ad\u00e3o Pereira Nunes (HMAPN)<\/strong><\/span>, <span style=\"color: #000080;\"><strong>Instituto Fernandes Figueira (IFF\/Fiocruz) <\/strong><span style=\"color: #000000;\">e <\/span><strong>Hospital Estadual da Crian\u00e7a (HEC)\/Hospital Universit\u00e1rio Gaffr\u00e9e e Guinle (HUGG\/Unirio)<\/strong><\/span><br \/>\nModeradora: <strong>Gladys Mariani Caussin<\/strong> (RJ)<br \/>\nDebatedoras: <strong>Ana Teresa Oliveira<\/strong> (RJ) e <strong>Anita Marsillac<\/strong> (RJ)<\/p>\n<p><span style=\"color: #339966;\"><strong>16h30<\/strong><\/span> Apresenta\u00e7\u00e3o de trabalhos cient\u00edficos<\/p>\n<ul>\n<li><a href=\"https:\/\/ciperj.org\/jornada\/programacao\/apresentacao-de-trabalhos-cientificos-dia-14\/\">confira a rela\u00e7\u00e3o com os trabalhos a serem apresentados<\/a><\/li>\n<\/ul>\n<h3>15 de maio de 2026 (sexta-feira)<\/h3>\n<p><span style=\"color: #339966;\"><strong>8h30<\/strong> <\/span>Miniconfer\u00eancia: Doen\u00e7as tor\u00e1cicas linf\u00e1ticas<br \/>\n<strong><span style=\"color: #000080;\">Pablo Laje<\/span><\/strong> (EUA)<br \/>\nModeradora: <strong>Danielle Nunes Forny<\/strong><strong>\u00a0<\/strong>(RJ)<br \/>\nDebatedoras: <strong>Ligia Heinrichs<\/strong> (RJ) e <strong>Vicente Ramos de Oliveira<\/strong> (RJ)<\/p>\n<p><span style=\"color: #339966;\"><strong>9h<\/strong> <\/span>Sess\u00e3o miniclip: Endoscopia do es\u00f4fago pedi\u00e1trico: o que v\u00ea e o que faz<br \/>\n<strong><span style=\"color: #000080;\">Paula Peruzzi Elia<\/span><\/strong> (RJ)<br \/>\nModerador: <strong>Marcos Ant\u00f4nio Turcatel<\/strong> (RJ)<br \/>\nDebatedora: <strong>Gra\u00e7a Dias<\/strong>\u00a0(RJ)<\/p>\n<p><span style=\"color: #ff6600;\"><strong>9h30<\/strong> Coffee-break<\/span><\/p>\n<p><span style=\"color: #339966;\"><strong>10h<\/strong> <\/span>Mesa-redonda: Trauma na crian\u00e7a<br \/>\nModeradora: <strong>Simone Sim\u00f5es <\/strong>(RJ)<br \/>\nDebatedores: <strong>Marcelo Ribeiro Mariano Holanda Duarte <\/strong>(RJ) e <strong>Vinicius Alves Pinto<\/strong> (RJ)<\/p>\n<ul>\n<li><span style=\"color: #339966;\"><strong>10h<\/strong> <span style=\"color: #333333;\">Traumatismo de t\u00f3rax em crian\u00e7as<br \/>\n<strong><span style=\"color: #000080;\">Edmo Dutra Franco<\/span><\/strong> (RJ)<\/span><\/span><\/li>\n<li><span style=\"color: #339966;\"><strong>10h20<\/strong> <\/span>Trauma de vias a\u00e9reas na crian\u00e7a<br \/>\n<span style=\"color: #000080;\"><strong>Patricio Varela<\/strong><\/span> (CHI)<\/li>\n<li><span style=\"color: #339966;\"><strong>10h40<\/strong><\/span> Discuss\u00e3o<\/li>\n<\/ul>\n<p><span style=\"color: #339966;\"><strong>11h<\/strong> <\/span>Miniconfer\u00eancia: <span style=\"color: #339966;\"><span style=\"color: #000000;\">Pectus excavatum e deformidades da parede tor\u00e1cica, pectus excavatum<\/span><\/span><br \/>\n<span style=\"color: #000080;\"><strong>Patricio Varela<\/strong><\/span> (CHI)<br \/>\nDebatedores: <strong>Tadeu Diniz<\/strong><strong>\u00a0<\/strong>(RJ) e <strong>Maria Ribeiro Santos Morard<\/strong>\u00a0(RJ)<\/p>\n<p><span style=\"color: #339966;\"><strong>11h40 <\/strong><span style=\"color: #000000;\">Apresenta\u00e7\u00e3o de trabalhos cient\u00edficos<\/span><strong><br \/>\n<\/strong><\/span><\/p>\n<ul>\n<li><a href=\"https:\/\/ciperj.org\/jornada\/programacao\/apresentacao-de-trabalhos-cientificos-dia-15-11h40\/\">confira a rela\u00e7\u00e3o com os trabalhos a serem apresentados<\/a><\/li>\n<\/ul>\n<p><span style=\"color: #339966;\"><strong>13h10<\/strong> <\/span>Intervalo para o almo\u00e7o<\/p>\n<p><span style=\"color: #339966;\"><strong>14h<\/strong> <\/span>Mesa-redonda: Manejo de acessos vasculares<br \/>\nModerador: <strong>Douglas Machado Caetano<\/strong> (RJ)<br \/>\nDebatedoras: <strong>Betina Carla Bertrand Sim\u00f5es<\/strong> (RJ) e <strong>Marta Alencar\u00a0<\/strong>(RJ)<\/p>\n<ul>\n<li><span style=\"color: #339966;\"><strong>14h<\/strong> <\/span>ECMO: como se faz<br \/>\n<span style=\"color: #000080;\"><strong>Denoel Marcelino de Oliveira<\/strong><\/span> (RJ)<\/li>\n<li><span style=\"color: #339966;\"><strong>14h20<\/strong> <\/span>Acesso venoso central no prematuro<br \/>\n<strong><span style=\"color: #000080;\">Vilani Kremer<\/span> <\/strong>(PR)<\/li>\n<li><span style=\"color: #339966;\"><strong>14h40<\/strong> <\/span>Discuss\u00e3o<\/li>\n<\/ul>\n<p><span style=\"color: #339966;\"><strong>15h <\/strong><\/span>Mesa-redonda:\u00a0CIPE como profiss\u00e3o<br \/>\n<span style=\"color: #339966;\"><span style=\"color: #000000;\">Moderadora: <strong>Ivonete Siviero<\/strong>\u00a0(RJ)<br \/>\nDebatedoras: <strong>Alana Bandeira<\/strong> (RJ) e <strong>Marco Daiha<\/strong> (RJ)<\/span><\/span><\/p>\n<ul>\n<li><span style=\"color: #339966;\"><strong>15h20<\/strong><\/span> Residentes e cirurgi\u00f5es jovens: quais as perspectivas e quais os desejos?<br \/>\n<span style=\"color: #000080;\"><strong>Renata Rangel Justiniano<\/strong> <\/span>(RJ)<\/li>\n<li><span style=\"color: #339966;\"><strong>15h50<\/strong><\/span> Mercado de trabalho: qual \u00e9 a realidade do momento?<br \/>\n<span style=\"color: #000080;\"><strong>Lisieux Eyer de Jesus<\/strong><\/span> (RJ)<\/li>\n<li><span style=\"color: #339966;\"><strong>16h20<\/strong><\/span> Discuss\u00e3o<\/li>\n<\/ul>\n<p><span style=\"color: #339966;\"><strong>16h30 <\/strong><span style=\"color: #000000;\">Apresenta\u00e7\u00f5es de trabalhos cient\u00edficos<br \/>\n<\/span><\/span><\/p>\n<ul>\n<li><a href=\"https:\/\/ciperj.org\/jornada\/programacao\/apresentacao-de-trabalhos-cientificos-dia-15-16h30\/\">confira a rela\u00e7\u00e3o com os trabalhos a serem apresentados<\/a><\/li>\n<\/ul>\n<p><span style=\"color: #339966;\"><strong>17h30<\/strong><\/span> Assembleia Geral Extraordin\u00e1ria da CIPERJ<\/p>\n<p><span style=\"color: #339966;\"><strong>18h<\/strong><\/span>\u00a0Encerramento<\/p>\n","protected":false},"excerpt":{"rendered":"<p>13 de maio de 2026 (quarta-feira) 8h Credenciamento 8h30 Abertura Danielle Nunes Forny presidente da CIPERJ 8h45 Miniconfer\u00eancia: Tumores de mediastino Arovel Moura Junior (RJ) Moderadora: Roberta Nolasco Rocha de Oliveira (RJ) Debatedores: Jefferson Tobias Oliveira (RJ) e Vanessa do Nascimento Santos (RJ) 9h15 Mesa-redonda: Traqueostomia pedi\u00e1trica Moderadora: Danielle Nunes Forny\u00a0(RJ) Debatedoras: \u00c1lia Charif Penchel [&hellip;]<\/p>\n","protected":false},"author":1,"featured_media":0,"parent":0,"menu_order":0,"comment_status":"closed","ping_status":"closed","template":"templates\/template-page-full-width.php","meta":{"footnotes":""},"class_list":["post-1368","page","type-page","status-publish","hentry"],"_links":{"self":[{"href":"https:\/\/ciperj.org\/jornada\/wp-json\/wp\/v2\/pages\/1368","targetHints":{"allow":["GET"]}}],"collection":[{"href":"https:\/\/ciperj.org\/jornada\/wp-json\/wp\/v2\/pages"}],"about":[{"href":"https:\/\/ciperj.org\/jornada\/wp-json\/wp\/v2\/types\/page"}],"author":[{"embeddable":true,"href":"https:\/\/ciperj.org\/jornada\/wp-json\/wp\/v2\/users\/1"}],"replies":[{"embeddable":true,"href":"https:\/\/ciperj.org\/jornada\/wp-json\/wp\/v2\/comments?post=1368"}],"version-history":[{"count":110,"href":"https:\/\/ciperj.org\/jornada\/wp-json\/wp\/v2\/pages\/1368\/revisions"}],"predecessor-version":[{"id":2112,"href":"https:\/\/ciperj.org\/jornada\/wp-json\/wp\/v2\/pages\/1368\/revisions\/2112"}],"wp:attachment":[{"href":"https:\/\/ciperj.org\/jornada\/wp-json\/wp\/v2\/media?parent=1368"}],"curies":[{"name":"wp","href":"https:\/\/api.w.org\/{rel}","templated":true}]}}