{"id":1562,"date":"2022-04-20T10:09:19","date_gmt":"2022-04-20T13:09:19","guid":{"rendered":"https:\/\/ciperj.org\/jornada\/?page_id=1562"},"modified":"2026-03-29T22:00:06","modified_gmt":"2026-03-30T01:00:06","slug":"temas-livres","status":"publish","type":"page","link":"https:\/\/ciperj.org\/jornada\/temas-livres\/","title":{"rendered":"Temas Livres"},"content":{"rendered":"<p><strong>REGULAMENTO PARA O ENVIO DE TEMAS LIVRES<\/strong><\/p>\n<ol>\n<li><strong>Regulamento geral<\/strong><\/li>\n<\/ol>\n<p>1.1 &#8211; Data limite para entrega dos trabalhos: <strong>29 de mar\u00e7o de 2026 \u00e0s 22h.<\/strong><\/p>\n<p>1.2 &#8211; O resumo deve obedecer \u00e0s instru\u00e7\u00f5es de reda\u00e7\u00e3o e diagrama\u00e7\u00e3o descritas no item 2 seguinte.<\/p>\n<p>1.3 &#8211; O autor (1 em cada 3) dever\u00e1 estar inscrito no Evento.<\/p>\n<p>1.4 &#8211; Enviar seu tema livre atrav\u00e9s de <a href=\"http:\/\/www.ciperj.org\/jornada\/temas-livres\">www.ciperj.org\/jornada\/temas-livres<\/a>.<\/p>\n<p>1.5 &#8211; A coordena\u00e7\u00e3o de Temas Livres, ap\u00f3s avalia\u00e7\u00e3o do trabalho, confirmar\u00e1 sua aceita\u00e7\u00e3o ou n\u00e3o.<\/p>\n<p>1.6 &#8211; Ser\u00e1 entregue somente um certificado ao autor principal por trabalho apresentado e aceito, constando o nome dos autores que est\u00e3o inclu\u00eddos no resumo inscrito.<\/p>\n<p>1.7 &#8211; S\u00f3 ser\u00e3o consideradas as correspond\u00eancias e mensagens entre a organiza\u00e7\u00e3o do evento e o autor principal.<\/p>\n<p>1.8 &#8211; Os trabalhos aceitos ser\u00e3o apresentados na forma oral e conforme instru\u00e7\u00f5es do item 3.<\/p>\n<p>1.9 &#8211; N\u00e3o h\u00e1 limite de envio de trabalhos por inscri\u00e7\u00e3o.<\/p>\n<p>1.10 &#8211; A avalia\u00e7\u00e3o do trabalho somente ser\u00e1 realizada mediante inscri\u00e7\u00e3o pr\u00e9via de pelo menos um autor.<\/p>\n<ol start=\"2\">\n<li><strong>Instru\u00e7\u00f5es para a confec\u00e7\u00e3o do Resumo<\/strong><\/li>\n<\/ol>\n<p><strong><em>Obs: Favor atentar para estes itens, pois resumos que n\u00e3o se enquadrem nas regras abaixo ser\u00e3o devolvidos para corre\u00e7\u00e3o.<\/em><\/strong><\/p>\n<p>2.1 &#8211; O resumo n\u00e3o poder\u00e1 exceder a 2.500 caracteres, incluindo os espa\u00e7os e excluindo o t\u00edtulo, autores e institui\u00e7\u00e3o.<\/p>\n<p>2.2 &#8211; Os trabalhos dever\u00e3o ser digitados em fonte Arial, tamanho 11, espa\u00e7amento entrelinhas de 1,5, elaborado em Word.<\/p>\n<p>2.3 &#8211; Escrever o t\u00edtulo em letras mai\u00fasculas e min\u00fasculas.<\/p>\n<p>2.4 &#8211; Escrever os nomes de modo cont\u00ednuo, primeiro o nome completo do autor principal seguido pelos colaboradores. N\u00e3o sublinhar os nomes nem colocar titula\u00e7\u00f5es.<\/p>\n<p>2.5 &#8211; Cada trabalho poder\u00e1 ter no m\u00e1ximo 5 (cinco) autores<\/p>\n<p>2.6 &#8211; Logo ap\u00f3s o \u00faltimo nome de autor, inserir o nome da institui\u00e7\u00e3o onde o trabalho foi realizado.<\/p>\n<p>2.7 &#8211; Os resumos dever\u00e3o ser adequados \u00e9tica e metodologicamente, constando os seguintes itens: Introdu\u00e7\u00e3o, Objetivos, M\u00e9todos, Resultados e Conclus\u00f5es.<\/p>\n<p>2.8 &#8211; Ser\u00e3o aceitos tamb\u00e9m \u201cRelatos de Caso\u201d, constando os seguintes itens: Introdu\u00e7\u00e3o, Relato do Caso, Conclus\u00e3o.<\/p>\n<ol start=\"3\">\n<li><strong>Apresenta\u00e7\u00e3o do Trabalho<\/strong><\/li>\n<\/ol>\n<p>3.1 &#8211; A apresenta\u00e7\u00e3o ser\u00e1 em formato oral. Os autores cujos trabalhos forem aprovados, receber\u00e3o as especifica\u00e7\u00f5es da apresenta\u00e7\u00e3o pelo e-mail informado na inscri\u00e7\u00e3o.<\/p>\n<h2 style=\"text-align: center;\"><span style=\"color: #ff0000;\"><strong>INSCRI\u00c7\u00d5ES ENCERRADAS<\/strong><\/span><\/h2>\n","protected":false},"excerpt":{"rendered":"<p>REGULAMENTO PARA O ENVIO DE TEMAS LIVRES Regulamento geral 1.1 &#8211; Data limite para entrega dos trabalhos: 29 de mar\u00e7o de 2026 \u00e0s 22h. 1.2 &#8211; O resumo deve obedecer \u00e0s instru\u00e7\u00f5es de reda\u00e7\u00e3o e diagrama\u00e7\u00e3o descritas no item 2 seguinte. 1.3 &#8211; O autor (1 em cada 3) dever\u00e1 estar inscrito no Evento. 1.4 [&hellip;]<\/p>\n","protected":false},"author":1,"featured_media":0,"parent":0,"menu_order":0,"comment_status":"closed","ping_status":"closed","template":"","meta":{"footnotes":""},"class_list":["post-1562","page","type-page","status-publish","hentry"],"_links":{"self":[{"href":"https:\/\/ciperj.org\/jornada\/wp-json\/wp\/v2\/pages\/1562","targetHints":{"allow":["GET"]}}],"collection":[{"href":"https:\/\/ciperj.org\/jornada\/wp-json\/wp\/v2\/pages"}],"about":[{"href":"https:\/\/ciperj.org\/jornada\/wp-json\/wp\/v2\/types\/page"}],"author":[{"embeddable":true,"href":"https:\/\/ciperj.org\/jornada\/wp-json\/wp\/v2\/users\/1"}],"replies":[{"embeddable":true,"href":"https:\/\/ciperj.org\/jornada\/wp-json\/wp\/v2\/comments?post=1562"}],"version-history":[{"count":17,"href":"https:\/\/ciperj.org\/jornada\/wp-json\/wp\/v2\/pages\/1562\/revisions"}],"predecessor-version":[{"id":2059,"href":"https:\/\/ciperj.org\/jornada\/wp-json\/wp\/v2\/pages\/1562\/revisions\/2059"}],"wp:attachment":[{"href":"https:\/\/ciperj.org\/jornada\/wp-json\/wp\/v2\/media?parent=1562"}],"curies":[{"name":"wp","href":"https:\/\/api.w.org\/{rel}","templated":true}]}}