{"id":1648,"date":"2023-05-10T16:09:02","date_gmt":"2023-05-10T19:09:02","guid":{"rendered":"https:\/\/ciperj.org\/jornada\/?page_id=1648"},"modified":"2023-05-10T16:09:02","modified_gmt":"2023-05-10T19:09:02","slug":"patrocinadores","status":"publish","type":"page","link":"https:\/\/ciperj.org\/jornada\/patrocinadores\/","title":{"rendered":"Patrocinadores"},"content":{"rendered":"<p>Quer divulgar sua empresa em nosso evento?<\/p>\n<p>Entre em contato e veja as formas dispon\u00edveis de participa\u00e7\u00e3o:<\/p>\n<p style=\"text-align: center;\"><strong>ASSOCIA\u00c7\u00c3O DE CIRURGIA PEDI\u00c1TRICA DO ESTADO DO RIO DE JANEIRO<\/strong><\/p>\n<p style=\"text-align: center;\"><a href=\"mailto:contato@ciperj.org\">contato@ciperj.org<\/a>\u00a0\u2013\u00a0<a href=\"http:\/\/api.whatsapp.com\/send?1=pt_BR&amp;phone=5521969888467\">(21) 96988-8467<\/a><\/p>\n","protected":false},"excerpt":{"rendered":"<p>Quer divulgar sua empresa em nosso evento? Entre em contato e veja as formas dispon\u00edveis de participa\u00e7\u00e3o: ASSOCIA\u00c7\u00c3O DE CIRURGIA PEDI\u00c1TRICA DO ESTADO DO RIO DE JANEIRO contato@ciperj.org\u00a0\u2013\u00a0(21) 96988-8467<\/p>\n","protected":false},"author":1,"featured_media":0,"parent":0,"menu_order":0,"comment_status":"closed","ping_status":"closed","template":"","meta":{"footnotes":""},"class_list":["post-1648","page","type-page","status-publish","hentry"],"_links":{"self":[{"href":"https:\/\/ciperj.org\/jornada\/wp-json\/wp\/v2\/pages\/1648","targetHints":{"allow":["GET"]}}],"collection":[{"href":"https:\/\/ciperj.org\/jornada\/wp-json\/wp\/v2\/pages"}],"about":[{"href":"https:\/\/ciperj.org\/jornada\/wp-json\/wp\/v2\/types\/page"}],"author":[{"embeddable":true,"href":"https:\/\/ciperj.org\/jornada\/wp-json\/wp\/v2\/users\/1"}],"replies":[{"embeddable":true,"href":"https:\/\/ciperj.org\/jornada\/wp-json\/wp\/v2\/comments?post=1648"}],"version-history":[{"count":1,"href":"https:\/\/ciperj.org\/jornada\/wp-json\/wp\/v2\/pages\/1648\/revisions"}],"predecessor-version":[{"id":1649,"href":"https:\/\/ciperj.org\/jornada\/wp-json\/wp\/v2\/pages\/1648\/revisions\/1649"}],"wp:attachment":[{"href":"https:\/\/ciperj.org\/jornada\/wp-json\/wp\/v2\/media?parent=1648"}],"curies":[{"name":"wp","href":"https:\/\/api.w.org\/{rel}","templated":true}]}}