{"id":1883,"date":"2025-10-28T07:08:28","date_gmt":"2025-10-28T10:08:28","guid":{"rendered":"https:\/\/ciperj.org\/jornada\/?page_id=1883"},"modified":"2025-10-28T07:08:46","modified_gmt":"2025-10-28T10:08:46","slug":"contatos","status":"publish","type":"page","link":"https:\/\/ciperj.org\/jornada\/contatos\/","title":{"rendered":"Contatos"},"content":{"rendered":"<p><img loading=\"lazy\" decoding=\"async\" class=\"aligncenter size-medium wp-image-1884\" src=\"https:\/\/ciperj.org\/jornada\/wp-content\/uploads\/2025\/10\/415987104_434c4250-f5ab-41c8-b66f-790dabcfe89c-300x200.jpg\" alt=\"\" width=\"300\" height=\"200\" srcset=\"https:\/\/ciperj.org\/jornada\/wp-content\/uploads\/2025\/10\/415987104_434c4250-f5ab-41c8-b66f-790dabcfe89c-300x200.jpg 300w, https:\/\/ciperj.org\/jornada\/wp-content\/uploads\/2025\/10\/415987104_434c4250-f5ab-41c8-b66f-790dabcfe89c-1024x682.jpg 1024w, https:\/\/ciperj.org\/jornada\/wp-content\/uploads\/2025\/10\/415987104_434c4250-f5ab-41c8-b66f-790dabcfe89c-768x512.jpg 768w, https:\/\/ciperj.org\/jornada\/wp-content\/uploads\/2025\/10\/415987104_434c4250-f5ab-41c8-b66f-790dabcfe89c-1536x1024.jpg 1536w, https:\/\/ciperj.org\/jornada\/wp-content\/uploads\/2025\/10\/415987104_434c4250-f5ab-41c8-b66f-790dabcfe89c-2048x1365.jpg 2048w\" sizes=\"auto, (max-width: 300px) 100vw, 300px\" \/><\/p>\n<p style=\"text-align: center;\"><strong>ASSOCIA\u00c7\u00c3O DE CIRURGIA PEDI\u00c1TRICA DO ESTADO DO RIO DE JANEIRO<\/strong><\/p>\n<p style=\"text-align: center;\"><a href=\"mailto:contato@ciperj.org\">contato@ciperj.org<\/a>\u00a0\u2013\u00a0<a href=\"http:\/\/api.whatsapp.com\/send?1=pt_BR&amp;phone=5521969888467\">(21) 96988-8467<\/a><\/p>\n","protected":false},"excerpt":{"rendered":"<p>ASSOCIA\u00c7\u00c3O DE CIRURGIA PEDI\u00c1TRICA DO ESTADO DO RIO DE JANEIRO contato@ciperj.org\u00a0\u2013\u00a0(21) 96988-8467<\/p>\n","protected":false},"author":1,"featured_media":0,"parent":0,"menu_order":0,"comment_status":"closed","ping_status":"closed","template":"","meta":{"footnotes":""},"class_list":["post-1883","page","type-page","status-publish","hentry"],"_links":{"self":[{"href":"https:\/\/ciperj.org\/jornada\/wp-json\/wp\/v2\/pages\/1883","targetHints":{"allow":["GET"]}}],"collection":[{"href":"https:\/\/ciperj.org\/jornada\/wp-json\/wp\/v2\/pages"}],"about":[{"href":"https:\/\/ciperj.org\/jornada\/wp-json\/wp\/v2\/types\/page"}],"author":[{"embeddable":true,"href":"https:\/\/ciperj.org\/jornada\/wp-json\/wp\/v2\/users\/1"}],"replies":[{"embeddable":true,"href":"https:\/\/ciperj.org\/jornada\/wp-json\/wp\/v2\/comments?post=1883"}],"version-history":[{"count":2,"href":"https:\/\/ciperj.org\/jornada\/wp-json\/wp\/v2\/pages\/1883\/revisions"}],"predecessor-version":[{"id":1886,"href":"https:\/\/ciperj.org\/jornada\/wp-json\/wp\/v2\/pages\/1883\/revisions\/1886"}],"wp:attachment":[{"href":"https:\/\/ciperj.org\/jornada\/wp-json\/wp\/v2\/media?parent=1883"}],"curies":[{"name":"wp","href":"https:\/\/api.w.org\/{rel}","templated":true}]}}