{"id":1956,"date":"2026-02-09T16:25:48","date_gmt":"2026-02-09T19:25:48","guid":{"rendered":"https:\/\/ciperj.org\/jornada\/?page_id=1956"},"modified":"2026-03-25T17:17:30","modified_gmt":"2026-03-25T20:17:30","slug":"workshop-acesso-venoso-guiado-por-ultrassom","status":"publish","type":"page","link":"https:\/\/ciperj.org\/jornada\/workshop-acesso-venoso-guiado-por-ultrassom\/","title":{"rendered":"Workshop Acesso Venoso guiado por ultrassom"},"content":{"rendered":"<p><img loading=\"lazy\" decoding=\"async\" class=\"aligncenter size-full wp-image-1957\" src=\"https:\/\/ciperj.org\/jornada\/wp-content\/uploads\/2026\/02\/logo_curso_ultrassom.png\" alt=\"\" width=\"645\" height=\"211\" srcset=\"https:\/\/ciperj.org\/jornada\/wp-content\/uploads\/2026\/02\/logo_curso_ultrassom.png 645w, https:\/\/ciperj.org\/jornada\/wp-content\/uploads\/2026\/02\/logo_curso_ultrassom-300x98.png 300w\" sizes=\"auto, (max-width: 645px) 100vw, 645px\" \/><\/p>\n<p><img loading=\"lazy\" decoding=\"async\" class=\"size-full wp-image-1958 aligncenter\" src=\"https:\/\/ciperj.org\/jornada\/wp-content\/uploads\/2026\/02\/workshop_vilani_coordenacao.png\" alt=\"\" width=\"600\" height=\"300\" srcset=\"https:\/\/ciperj.org\/jornada\/wp-content\/uploads\/2026\/02\/workshop_vilani_coordenacao.png 600w, https:\/\/ciperj.org\/jornada\/wp-content\/uploads\/2026\/02\/workshop_vilani_coordenacao-300x150.png 300w\" sizes=\"auto, (max-width: 600px) 100vw, 600px\" \/><\/p>\n<p>Imers\u00e3o em formas te\u00f3rica e pr\u00e1tica de acessos vasculares, suas possibilidades em diversos s\u00edtios de inser\u00e7\u00e3o, indica\u00e7\u00f5es e melhor utiliza\u00e7\u00e3o de dispositivos vasculares.<\/p>\n<p style=\"text-align: center;\"><strong>APOIO<\/strong><\/p>\n<p><img loading=\"lazy\" decoding=\"async\" class=\" wp-image-2050 aligncenter\" src=\"https:\/\/ciperj.org\/jornada\/wp-content\/uploads\/2026\/03\/logo_alta-300x130.png\" alt=\"\" width=\"173\" height=\"75\" srcset=\"https:\/\/ciperj.org\/jornada\/wp-content\/uploads\/2026\/03\/logo_alta-300x130.png 300w, https:\/\/ciperj.org\/jornada\/wp-content\/uploads\/2026\/03\/logo_alta-1024x442.png 1024w, https:\/\/ciperj.org\/jornada\/wp-content\/uploads\/2026\/03\/logo_alta-768x332.png 768w, https:\/\/ciperj.org\/jornada\/wp-content\/uploads\/2026\/03\/logo_alta.png 1162w\" sizes=\"auto, (max-width: 173px) 100vw, 173px\" \/><\/p>\n<p style=\"text-align: center;\"><strong>DATA:<\/strong> 16 de maio de 2026 (s\u00e1bado)<br \/>\n<strong>HOR\u00c1RIO:<\/strong> das 9h \u00e0s 17h (intervalo para almo\u00e7o das 12h \u00e0s 13h30)<br \/>\n<strong>LOCAL:<\/strong> audit\u00f3rio do Alta Diagn\u00f3sticos (R. Volunt\u00e1rios da P\u00e1tria, 423 &#8211; Botafogo) &#8211; <a href=\"https:\/\/maps.app.goo.gl\/gFBYPQtBZii3mcXp8\" target=\"_blank\" rel=\"noopener\">saiba como chegar<\/a><\/p>\n<p><img loading=\"lazy\" decoding=\"async\" class=\"aligncenter size-full wp-image-1959\" src=\"https:\/\/ciperj.org\/jornada\/wp-content\/uploads\/2026\/02\/inscricao_curso_vilani2.jpg\" alt=\"\" width=\"621\" height=\"346\" srcset=\"https:\/\/ciperj.org\/jornada\/wp-content\/uploads\/2026\/02\/inscricao_curso_vilani2.jpg 621w, https:\/\/ciperj.org\/jornada\/wp-content\/uploads\/2026\/02\/inscricao_curso_vilani2-300x167.jpg 300w\" sizes=\"auto, (max-width: 621px) 100vw, 621px\" \/><\/p>\n<p><strong>FA\u00c7A SUA INSCRI\u00c7\u00c3O:<\/strong><\/p>\n<ul>\n<li><a href=\"https:\/\/ciperj.org\/jornada\/workshop-acesso-venoso-guiado-por-ultrassom\/inscricao-socio-quite-ciperj\/\">Associado quite CIPERJ<\/a><\/li>\n<li><a href=\"https:\/\/ciperj.org\/jornada\/workshop-acesso-venoso-guiado-por-ultrassom\/inscricao-medicos-em-programas-de-residencia-medica\/\">M\u00e9dico em Programa de Resid\u00eancia M\u00e9dica<\/a><\/li>\n<li><a href=\"https:\/\/ciperj.org\/jornada\/workshop-acesso-venoso-guiado-por-ultrassom\/inscricao-nao-medicos-ou-nao-socios\/\">S\u00f3cio n\u00e3o quite ou n\u00e3o s\u00f3cio<\/a><\/li>\n<\/ul>\n","protected":false},"excerpt":{"rendered":"<p>Imers\u00e3o em formas te\u00f3rica e pr\u00e1tica de acessos vasculares, suas possibilidades em diversos s\u00edtios de inser\u00e7\u00e3o, indica\u00e7\u00f5es e melhor utiliza\u00e7\u00e3o de dispositivos vasculares. APOIO DATA: 16 de maio de 2026 (s\u00e1bado) HOR\u00c1RIO: das 9h \u00e0s 17h (intervalo para almo\u00e7o das 12h \u00e0s 13h30) LOCAL: audit\u00f3rio do Alta Diagn\u00f3sticos (R. Volunt\u00e1rios da P\u00e1tria, 423 &#8211; Botafogo) [&hellip;]<\/p>\n","protected":false},"author":1,"featured_media":0,"parent":0,"menu_order":0,"comment_status":"closed","ping_status":"closed","template":"","meta":{"footnotes":""},"class_list":["post-1956","page","type-page","status-publish","hentry"],"_links":{"self":[{"href":"https:\/\/ciperj.org\/jornada\/wp-json\/wp\/v2\/pages\/1956","targetHints":{"allow":["GET"]}}],"collection":[{"href":"https:\/\/ciperj.org\/jornada\/wp-json\/wp\/v2\/pages"}],"about":[{"href":"https:\/\/ciperj.org\/jornada\/wp-json\/wp\/v2\/types\/page"}],"author":[{"embeddable":true,"href":"https:\/\/ciperj.org\/jornada\/wp-json\/wp\/v2\/users\/1"}],"replies":[{"embeddable":true,"href":"https:\/\/ciperj.org\/jornada\/wp-json\/wp\/v2\/comments?post=1956"}],"version-history":[{"count":6,"href":"https:\/\/ciperj.org\/jornada\/wp-json\/wp\/v2\/pages\/1956\/revisions"}],"predecessor-version":[{"id":1986,"href":"https:\/\/ciperj.org\/jornada\/wp-json\/wp\/v2\/pages\/1956\/revisions\/1986"}],"wp:attachment":[{"href":"https:\/\/ciperj.org\/jornada\/wp-json\/wp\/v2\/media?parent=1956"}],"curies":[{"name":"wp","href":"https:\/\/api.w.org\/{rel}","templated":true}]}}