{"id":2098,"date":"2026-04-14T16:46:05","date_gmt":"2026-04-14T19:46:05","guid":{"rendered":"https:\/\/ciperj.org\/jornada\/?page_id=2098"},"modified":"2026-04-14T16:46:05","modified_gmt":"2026-04-14T19:46:05","slug":"apresentacao-de-trabalhos-cientificos-dia-14","status":"publish","type":"page","link":"https:\/\/ciperj.org\/jornada\/programacao\/apresentacao-de-trabalhos-cientificos-dia-14\/","title":{"rendered":"Apresenta\u00e7\u00e3o de trabalhos cient\u00edficos &#8211; dia 14"},"content":{"rendered":"<p><span style=\"color: #008000;\"><strong>16h30<\/strong> <\/span>Apresenta\u00e7\u00e3o de trabalhos cient\u00edficos<\/p>\n<ul>\n<li>An\u00e1lise do perfil de crian\u00e7as traqueostomizadas acompanhadas em um Hospital Universit\u00e1rio no per\u00edodo de 2015-2025<\/li>\n<li>Caracter\u00edsticas Epidemiol\u00f3gicas de Neonatos com Gastrosquise na Regi\u00e3o Sudeste do Brasil (2015\u20132024)<\/li>\n<li>Compara\u00e7\u00e3o das principais complica\u00e7\u00f5es e resultados do Procedimento de Foker aberto (OFP) versus toracosc\u00f3pico (TFP) no tratamento da atresia de es\u00f4fago com longo gap<\/li>\n<li>Diagn\u00f3stico oncol\u00f3gico na emerg\u00eancia pedi\u00e1trica. Relato de casos<\/li>\n<li>Fechamento Percut\u00e2neo Do Anel Inguinal Interno (Pirs) Versus T\u00e9cnica Laparosc\u00f3pica Convencional Em H\u00e9rnia Inguinal Pedi\u00e1trica: Uma Meta-An\u00e1lise<\/li>\n<li>Preditores de Fracasso do Manejo Conservador de F\u00edstulas Gastrocut\u00e2neas em Pediatria: Uma S\u00e9rie de Casos em Centro Terci\u00e1rio<\/li>\n<li>Profilaxia Antibi\u00f3tica Cont\u00ednua Versus Observa\u00e7\u00e3o Em Lactentes Com Hidronefrose Antenatal Severa: Meta-An\u00e1lise De Ensaios Cl\u00ednicos Randomizados<\/li>\n<li>Tratamento de 4 casos de Fenda Esternal Cong\u00eanita: uma s\u00e9rie de casos<\/li>\n<li>Abordagem por Toracoscopia de F\u00edstula Traqueoesof\u00e1gica Cong\u00eanita em H Recidivada<\/li>\n<li>Coarcta\u00e7\u00e3o da aorta em nascidos vivos no Sudeste do Brasil: An\u00e1lise de uma d\u00e9cada (2015\u20132024)<\/li>\n<li>Fechamento de Comunica\u00e7\u00e3o Interventricular Pedi\u00e1trica no SUS: Tend\u00eancias de Interna\u00e7\u00f5es, Perman\u00eancia Hospitalar e Mortalidade de 2017 a 2025<\/li>\n<li>Perfil epidemiol\u00f3gico das interna\u00e7\u00f5es hospitalares por h\u00e9rnia inguinal na popula\u00e7\u00e3o pedi\u00e1trica no Brasil: Uma an\u00e1lise do Sistema \u00danico de Sa\u00fade (2014 a 2024)<\/li>\n<li>An\u00e1lise da Corre\u00e7\u00e3o de Tetralogia de Fallot e Variantes de 2015 a 2024<\/li>\n<li>Tend\u00eancia temporal da preval\u00eancia de anomalias cong\u00eanitas em nascidos vivos no estado do Rio de Janeiro de 2015 a 2024<\/li>\n<li>Letalidade e Perman\u00eancia Hospitalar da Anastomose Sist\u00eamico Pulmonar com Circula\u00e7\u00e3o Extracorp\u00f3rea na Popula\u00e7\u00e3o Pedi\u00e1trica no SUS<\/li>\n<li>Interna\u00e7\u00f5es por fenda labial e palatina em crian\u00e7as menores de 1 ano no Brasil: an\u00e1lise cl\u00ednico-epidemiol\u00f3gica e tend\u00eancia temporal<\/li>\n<li>Desfechos hospitalares da Corre\u00e7\u00e3o de Persist\u00eancia do Canal Arterial no SUS de 2017 a 2024<\/li>\n<\/ul>\n","protected":false},"excerpt":{"rendered":"<p>16h30 Apresenta\u00e7\u00e3o de trabalhos cient\u00edficos An\u00e1lise do perfil de crian\u00e7as traqueostomizadas acompanhadas em um Hospital Universit\u00e1rio no per\u00edodo de 2015-2025 Caracter\u00edsticas Epidemiol\u00f3gicas de Neonatos com Gastrosquise na Regi\u00e3o Sudeste do Brasil (2015\u20132024) Compara\u00e7\u00e3o das principais complica\u00e7\u00f5es e resultados do Procedimento de Foker aberto (OFP) versus toracosc\u00f3pico (TFP) no tratamento da atresia de es\u00f4fago com longo [&hellip;]<\/p>\n","protected":false},"author":1,"featured_media":0,"parent":1368,"menu_order":0,"comment_status":"closed","ping_status":"closed","template":"","meta":{"footnotes":""},"class_list":["post-2098","page","type-page","status-publish","hentry"],"_links":{"self":[{"href":"https:\/\/ciperj.org\/jornada\/wp-json\/wp\/v2\/pages\/2098","targetHints":{"allow":["GET"]}}],"collection":[{"href":"https:\/\/ciperj.org\/jornada\/wp-json\/wp\/v2\/pages"}],"about":[{"href":"https:\/\/ciperj.org\/jornada\/wp-json\/wp\/v2\/types\/page"}],"author":[{"embeddable":true,"href":"https:\/\/ciperj.org\/jornada\/wp-json\/wp\/v2\/users\/1"}],"replies":[{"embeddable":true,"href":"https:\/\/ciperj.org\/jornada\/wp-json\/wp\/v2\/comments?post=2098"}],"version-history":[{"count":1,"href":"https:\/\/ciperj.org\/jornada\/wp-json\/wp\/v2\/pages\/2098\/revisions"}],"predecessor-version":[{"id":2099,"href":"https:\/\/ciperj.org\/jornada\/wp-json\/wp\/v2\/pages\/2098\/revisions\/2099"}],"up":[{"embeddable":true,"href":"https:\/\/ciperj.org\/jornada\/wp-json\/wp\/v2\/pages\/1368"}],"wp:attachment":[{"href":"https:\/\/ciperj.org\/jornada\/wp-json\/wp\/v2\/media?parent=2098"}],"curies":[{"name":"wp","href":"https:\/\/api.w.org\/{rel}","templated":true}]}}