{"id":2100,"date":"2026-04-14T17:07:38","date_gmt":"2026-04-14T20:07:38","guid":{"rendered":"https:\/\/ciperj.org\/jornada\/?page_id=2100"},"modified":"2026-04-14T17:07:38","modified_gmt":"2026-04-14T20:07:38","slug":"apresentacao-de-trabalhos-cientificos-dia-15-11h40","status":"publish","type":"page","link":"https:\/\/ciperj.org\/jornada\/programacao\/apresentacao-de-trabalhos-cientificos-dia-15-11h40\/","title":{"rendered":"Apresenta\u00e7\u00e3o de trabalhos cient\u00edficos &#8211; dia 15 &#8211; 11h40"},"content":{"rendered":"<p><span style=\"color: #339966;\"><strong>11h40 <\/strong><span style=\"color: #000000;\">Apresenta\u00e7\u00e3o de trabalhos cient\u00edficos<\/span><\/span><\/p>\n<ul>\n<li>Experi\u00eancia Acad\u00eamica e Humanizada no SUS: Relatos dos Mutir\u00f5es de Cirurgia Pedi\u00e1trica no IPPMG<\/li>\n<li>Tratamento cir\u00fargico de fistula es\u00f4fago-cut\u00e2neo em crian\u00e7a ap\u00f3s trauma contuso<\/li>\n<li>Traqueomal\u00e1cia p\u00f3s atresia de es\u00f4fago: abordagem cir\u00fargica com tapering traqueal<\/li>\n<li>Acal\u00e1sia de Es\u00f4fago Confirmada por Manometria em Pr\u00e9-escolar: Um Relato de Caso<\/li>\n<li>Nefrectomia na Ectopia Renal Cruzada com Fus\u00e3o: Desafios da Anatomia Vascular e Parenquimatosa Imprevis\u00edvel<\/li>\n<li>Pectus excavatum grave em lactente: manejo cir\u00fargico e abordagem multidisciplinar<\/li>\n<li>Reconstru\u00e7\u00e3o laringotraqueal em caso de membrana lar\u00edngea tipo III associada \u00e0 s\u00edndrome de DiGeorge: relato de caso<\/li>\n<li>Teratoma sacrococc\u00edgeo neonatal volumoso associado a trajeto fistuloso e comunica\u00e7\u00e3o liqu\u00f3rica: relato de caso<\/li>\n<li>Trauma pancre\u00e1tico contuso grave por guid\u00e3o e uso de CPRE para resolu\u00e7\u00e3o de f\u00edstula tardia em hospital municipal do RJ<\/li>\n<li>Tumores mediastinais em crian\u00e7as: avalia\u00e7\u00e3o de 24 casos em um hospital de refer\u00eancia<\/li>\n<li>Hiposp\u00e1dia peniana em nascidos vivos no Sudeste do Brasil: um estudo ecol\u00f3gico<\/li>\n<li>Anastomose cavo-pulmonar bidirecional em crian\u00e7as e adolescentes no Brasil: evolu\u00e7\u00e3o temporal, desfechos hospitalares e impacto econ\u00f4mico no SUS<\/li>\n<li>Evolu\u00e7\u00e3o Temporal das Interna\u00e7\u00f5es por Urolit\u00edase em Crian\u00e7as de 0 a 14 anos no Brasil de 2015 a 2024<\/li>\n<\/ul>\n","protected":false},"excerpt":{"rendered":"<p>11h40 Apresenta\u00e7\u00e3o de trabalhos cient\u00edficos Experi\u00eancia Acad\u00eamica e Humanizada no SUS: Relatos dos Mutir\u00f5es de Cirurgia Pedi\u00e1trica no IPPMG Tratamento cir\u00fargico de fistula es\u00f4fago-cut\u00e2neo em crian\u00e7a ap\u00f3s trauma contuso Traqueomal\u00e1cia p\u00f3s atresia de es\u00f4fago: abordagem cir\u00fargica com tapering traqueal Acal\u00e1sia de Es\u00f4fago Confirmada por Manometria em Pr\u00e9-escolar: Um Relato de Caso Nefrectomia na Ectopia Renal [&hellip;]<\/p>\n","protected":false},"author":1,"featured_media":0,"parent":1368,"menu_order":0,"comment_status":"closed","ping_status":"closed","template":"","meta":{"footnotes":""},"class_list":["post-2100","page","type-page","status-publish","hentry"],"_links":{"self":[{"href":"https:\/\/ciperj.org\/jornada\/wp-json\/wp\/v2\/pages\/2100","targetHints":{"allow":["GET"]}}],"collection":[{"href":"https:\/\/ciperj.org\/jornada\/wp-json\/wp\/v2\/pages"}],"about":[{"href":"https:\/\/ciperj.org\/jornada\/wp-json\/wp\/v2\/types\/page"}],"author":[{"embeddable":true,"href":"https:\/\/ciperj.org\/jornada\/wp-json\/wp\/v2\/users\/1"}],"replies":[{"embeddable":true,"href":"https:\/\/ciperj.org\/jornada\/wp-json\/wp\/v2\/comments?post=2100"}],"version-history":[{"count":1,"href":"https:\/\/ciperj.org\/jornada\/wp-json\/wp\/v2\/pages\/2100\/revisions"}],"predecessor-version":[{"id":2101,"href":"https:\/\/ciperj.org\/jornada\/wp-json\/wp\/v2\/pages\/2100\/revisions\/2101"}],"up":[{"embeddable":true,"href":"https:\/\/ciperj.org\/jornada\/wp-json\/wp\/v2\/pages\/1368"}],"wp:attachment":[{"href":"https:\/\/ciperj.org\/jornada\/wp-json\/wp\/v2\/media?parent=2100"}],"curies":[{"name":"wp","href":"https:\/\/api.w.org\/{rel}","templated":true}]}}