{"id":2102,"date":"2026-04-14T17:10:23","date_gmt":"2026-04-14T20:10:23","guid":{"rendered":"https:\/\/ciperj.org\/jornada\/?page_id=2102"},"modified":"2026-04-14T17:10:23","modified_gmt":"2026-04-14T20:10:23","slug":"apresentacao-de-trabalhos-cientificos-dia-15-16h30","status":"publish","type":"page","link":"https:\/\/ciperj.org\/jornada\/programacao\/apresentacao-de-trabalhos-cientificos-dia-15-16h30\/","title":{"rendered":"Apresenta\u00e7\u00e3o de trabalhos cient\u00edficos &#8211; dia 15 &#8211; 16h30"},"content":{"rendered":"<p><span style=\"color: #339966;\"><strong>16h30 <\/strong><span style=\"color: #000000;\">Apresenta\u00e7\u00f5es de trabalhos cient\u00edficos<\/span><\/span><\/p>\n<ul>\n<li>An\u00e1lise Temporal, Regional e de Indicadores Hospitalares da Corre\u00e7\u00e3o de Drenagem An\u00f4mala Parcial de Veias Pulmonares em Crian\u00e7as e Adolescentes no Brasil de 2017 a 2024<\/li>\n<li>Diagn\u00f3stico precoce na S\u00edndrome da Hipoventila\u00e7\u00e3o Central Cong\u00eanita (SHCC) em neonatos<\/li>\n<li>Distribui\u00e7\u00e3o Temporal, Custos e Desfechos Hospitalares da Corre\u00e7\u00e3o de Coarcta\u00e7\u00e3o da Aorta em Crian\u00e7as e Adolescentes no Brasil de 2017 a 2024<\/li>\n<li>Peritonite meconial c\u00edstica associada \u00e0 atresia jejunal em rec\u00e9m-nascido: um relato de caso<\/li>\n<li>Tend\u00eancia temporal das interna\u00e7\u00f5es por bandagem da art\u00e9ria pulmonar em crian\u00e7as e adolescentes no SUS de 2017 a 2025<\/li>\n<li>Tend\u00eancia Temporal e Caracter\u00edsticas Perinatais do Test\u00edculo N\u00e3o Descido Unilateral no Sudeste do Brasil: An\u00e1lise de uma D\u00e9cada<\/li>\n<\/ul>\n","protected":false},"excerpt":{"rendered":"<p>16h30 Apresenta\u00e7\u00f5es de trabalhos cient\u00edficos An\u00e1lise Temporal, Regional e de Indicadores Hospitalares da Corre\u00e7\u00e3o de Drenagem An\u00f4mala Parcial de Veias Pulmonares em Crian\u00e7as e Adolescentes no Brasil de 2017 a 2024 Diagn\u00f3stico precoce na S\u00edndrome da Hipoventila\u00e7\u00e3o Central Cong\u00eanita (SHCC) em neonatos Distribui\u00e7\u00e3o Temporal, Custos e Desfechos Hospitalares da Corre\u00e7\u00e3o de Coarcta\u00e7\u00e3o da Aorta em [&hellip;]<\/p>\n","protected":false},"author":1,"featured_media":0,"parent":1368,"menu_order":0,"comment_status":"closed","ping_status":"closed","template":"","meta":{"footnotes":""},"class_list":["post-2102","page","type-page","status-publish","hentry"],"_links":{"self":[{"href":"https:\/\/ciperj.org\/jornada\/wp-json\/wp\/v2\/pages\/2102","targetHints":{"allow":["GET"]}}],"collection":[{"href":"https:\/\/ciperj.org\/jornada\/wp-json\/wp\/v2\/pages"}],"about":[{"href":"https:\/\/ciperj.org\/jornada\/wp-json\/wp\/v2\/types\/page"}],"author":[{"embeddable":true,"href":"https:\/\/ciperj.org\/jornada\/wp-json\/wp\/v2\/users\/1"}],"replies":[{"embeddable":true,"href":"https:\/\/ciperj.org\/jornada\/wp-json\/wp\/v2\/comments?post=2102"}],"version-history":[{"count":1,"href":"https:\/\/ciperj.org\/jornada\/wp-json\/wp\/v2\/pages\/2102\/revisions"}],"predecessor-version":[{"id":2103,"href":"https:\/\/ciperj.org\/jornada\/wp-json\/wp\/v2\/pages\/2102\/revisions\/2103"}],"up":[{"embeddable":true,"href":"https:\/\/ciperj.org\/jornada\/wp-json\/wp\/v2\/pages\/1368"}],"wp:attachment":[{"href":"https:\/\/ciperj.org\/jornada\/wp-json\/wp\/v2\/media?parent=2102"}],"curies":[{"name":"wp","href":"https:\/\/api.w.org\/{rel}","templated":true}]}}